{"id":106,"date":"2020-01-31T15:24:21","date_gmt":"2020-01-31T14:24:21","guid":{"rendered":"http:\/\/unna-hypnose.de\/?page_id=106"},"modified":"2024-03-02T11:57:53","modified_gmt":"2024-03-02T10:57:53","slug":"veroeffentlichungen","status":"publish","type":"page","link":"https:\/\/unna-hypnose.de\/?page_id=106","title":{"rendered":"Ver\u00f6ffentlichungen"},"content":{"rendered":"\n<p class=\"has-text-align-left\">Gr\u00fctzner, W., Sabrowski, S.: <strong>Play therapy with a child suffering from Hutchinson-Gilford Progeria Syndrome, <\/strong>8\/2000, gef\u00f6rdert durch freundl. Unterst\u00fctzung der Progeria Research Foundation, Peabody, Massachusetts, USA<\/p>\n\n\n\n<p class=\"has-text-align-left\">Gr\u00fctzner, W.: <strong>Gesellschaft im Umbruch \u2013 Familie im Umbruch<\/strong>, in: Belger-Koller, K., Zsch\u00fctting, C. (Hrsg.): Gestalt in Aktion: Gesellschaft im Umbruch \u2013 Perspektiven, 1999<\/p>\n\n\n\n<p class=\"has-text-align-left\">Gr\u00fctzner, W., Langenmayr, A., Peykan, V.: <strong>Therapeutische Intervention bei Scheidungsfamilien<\/strong>, \u201eJournal f\u00fcr Psychologie\u201c, Heft 2, Juni 1997.<\/p>\n\n\n\n<p class=\"has-text-align-left\">Gr\u00fctzner, W., Kulisch, E., Langenmayr, A.: <strong>Gruppenpsychotherapie bei Kindern aus Scheidungsfamilien und ihren Eltern, <\/strong>in Boeck-Singelmann, C.:&nbsp;Personenzentrierte Psychotherapie mit Kindern und Jugendlichen. Bd. II \/ Anwendungen. Hogrefe Verlag, G\u00f6ttingen, 1997<\/p>\n\n\n\n<p class=\"has-text-align-left\">Gr\u00fctzner, W., Kulisch, E., Langenmayr, A., Peykan, V., Schmitz, H. (1995) <strong>\u201cDer l\u00e4uft weg \u2013 der soll dableiben\u201c. Beziehungsbr\u00fcche durch Scheidung oder Tod<\/strong>, P\u00e4d Extra 10, Georg Beck Verlag, 1995<\/p>\n\n\n\n<p class=\"has-text-align-left\">Gr\u00fctzner, W., Kulisch, E., Langenmayr, A.: <strong>Essener&nbsp; `Perspektive Getrennt`. Gruppenberatung f\u00fcr Eltern und Kinder bei Trennung und Scheidung. <\/strong>Praxis Spiel und Gruppe, 2, Mathias-Gr\u00fcnwald Verlag, Mainz, 1994<\/p>\n\n\n\n<p class=\"has-text-align-left\">Gr\u00fctzner, W,: &nbsp;<strong>\u201eMit zehn hat er mich vergewaltigt!\u201c<\/strong>&nbsp; Sexuelle Gewalt in der Kindheit.<strong> <\/strong>Auf Draht, Ev.-Kath. Kommission f. Telefonseelsorge (Hrsg.), Nov. 87<\/p>\n\n\n\n<p class=\"has-text-align-left\">Gr\u00fctzner, W.: <strong>\u201eMit zehn hat er mich vergewaltigt!\u201c<\/strong> Sexuelle Gewalt in der Kindheit (ders. Artikel), Festschrift zum 25-j\u00e4hrigen Jubil\u00e4um der Evangelischen Telefonseelsorge, Essen, 4\/91.<\/p>\n","protected":false},"excerpt":{"rendered":"<p>Gr\u00fctzner, W., Sabrowski, S.: Play therapy with a child suffering from Hutchinson-Gilford Progeria Syndrome, 8\/2000, gef\u00f6rdert durch freundl. Unterst\u00fctzung der Progeria Research Foundation, Peabody, Massachusetts, USA Gr\u00fctzner, W.: Gesellschaft im Umbruch \u2013 Familie im Umbruch, in: Belger-Koller, K., Zsch\u00fctting, C. (Hrsg.): Gestalt in Aktion: Gesellschaft im Umbruch \u2013 Perspektiven, 1999 Gr\u00fctzner, W., Langenmayr, A., Peykan, V.: Therapeutische Intervention bei Scheidungsfamilien, \u201eJournal f\u00fcr Psychologie\u201c, Heft 2, Juni 1997. Gr\u00fctzner, W., Kulisch, E., Langenmayr, A.: Gruppenpsychotherapie bei Kindern aus Scheidungsfamilien und ihren Eltern, in Boeck-Singelmann, C.:&nbsp;Personenzentrierte Psychotherapie mit Kindern und Jugendlichen. Bd. II \/ Anwendungen. Hogrefe Verlag, G\u00f6ttingen, 1997 Gr\u00fctzner, W., Kulisch, [&hellip;]<\/p>\n","protected":false},"author":1,"featured_media":0,"parent":0,"menu_order":0,"comment_status":"closed","ping_status":"closed","template":"page-sidebar.php","meta":{"footnotes":""},"class_list":["post-106","page","type-page","status-publish","hentry","wpbf-post"],"_links":{"self":[{"href":"https:\/\/unna-hypnose.de\/index.php?rest_route=\/wp\/v2\/pages\/106","targetHints":{"allow":["GET"]}}],"collection":[{"href":"https:\/\/unna-hypnose.de\/index.php?rest_route=\/wp\/v2\/pages"}],"about":[{"href":"https:\/\/unna-hypnose.de\/index.php?rest_route=\/wp\/v2\/types\/page"}],"author":[{"embeddable":true,"href":"https:\/\/unna-hypnose.de\/index.php?rest_route=\/wp\/v2\/users\/1"}],"replies":[{"embeddable":true,"href":"https:\/\/unna-hypnose.de\/index.php?rest_route=%2Fwp%2Fv2%2Fcomments&post=106"}],"version-history":[{"count":8,"href":"https:\/\/unna-hypnose.de\/index.php?rest_route=\/wp\/v2\/pages\/106\/revisions"}],"predecessor-version":[{"id":185,"href":"https:\/\/unna-hypnose.de\/index.php?rest_route=\/wp\/v2\/pages\/106\/revisions\/185"}],"wp:attachment":[{"href":"https:\/\/unna-hypnose.de\/index.php?rest_route=%2Fwp%2Fv2%2Fmedia&parent=106"}],"curies":[{"name":"wp","href":"https:\/\/api.w.org\/{rel}","templated":true}]}}