{"id":27,"date":"2018-07-06T10:54:17","date_gmt":"2018-07-06T08:54:17","guid":{"rendered":"http:\/\/wp.unna-hypnose.de\/?page_id=27"},"modified":"2025-07-15T12:05:18","modified_gmt":"2025-07-15T10:05:18","slug":"fragen-und-antworten","status":"publish","type":"page","link":"https:\/\/unna-hypnose.de\/?page_id=27","title":{"rendered":"Fragen und Antworten"},"content":{"rendered":"<p style=\"font-weight: 400;\">H\u00e4ufig gestellte Fragen zur Psychotherapie, Paartherapie und Hypnose:<\/p>\n<p><strong>Welche Therapieverfahren wenden Sie an?<\/strong><\/p>\n<p>Tiefenpsychologisch fundierte Psychotherapie, Gestalt-K\u00f6rpertherapie, Paartherapie, systemische Familientherapie, Klientenzentrierte Gespr\u00e4chspsychotherapie, Hypnose-Therapie. Je nach Indikation kommen auch Techniken aus der Verhaltenstherapie und anderen wirkungsvollen Verfahren zur Anwendung.<\/p>\n<p><strong>Warum rechnen Sie am Standort Fr\u00f6ndenberg nicht mit gesetzlichen Krankenkassen ab?<\/strong><\/p>\n<p>Nach 30 Jahren psychotherapeutischer T\u00e4tigkeit in Holzwickede und Unna habe ich (Walter Gr\u00fctzner) meine Vertragspraxis in Unna, Bahnhofstra\u00dfe 12, an meine Nachfolgerin Frau Meltem Javuz abgegeben. Damit ist auch die Abrechnungsm\u00f6glichkeit mit der Kassen\u00e4rztlichen Vereinigung und den gesetzlichen Krankenkssen auf die Kollegin \u00fcbergegangen.<\/p>\n<p><strong>Woher kommen Ihre fundierten Kenntnisse in der Paar- und Familientherapie?<\/strong><\/p>\n<p>W\u00e4hrend meiner T\u00e4tigkeit an der Universit\u00e4t Essen (Forschung und Lehre) habe ich ein Forschungsprojekt psychotherapeutisch geleitet. Wir haben eine Beratungsstelle gegr\u00fcndet mit dem Titel: &#8222;Perspektive getrennt &#8211; Beratung f\u00fcr Eltern und Kinder in Trennungs- und Scheidungssituationen&#8220;. Das Therapiekonzept habe ich entwickelt. Einige Jahre lang habe ich ausschlie\u00dflich mit sich trennenden und getrennten Paaren und Familien gearbeitet und so hunderte Familien durch existentielle Krisen begleitet. Die dabei auftretenden Situationen wurden mittels aufw\u00e4ndiger Auswertungsverfahren erfasst und untersucht. Unser Forschungsprojekt war innovativ und hat mir Einblicke in das Erleben der Betroffenen gew\u00e4hrt, wie es in normaler psychotherapeutischer T\u00e4tigkeit kaum m\u00f6glich ist.<\/p>\n<p style=\"font-weight: 400;\"><strong>Wie werde ich auf eine Hypnose vorbereitet?<\/strong><\/p>\n<p style=\"font-weight: 400;\">Die heilsamen Interventionen werden vor der eigentlichen Trance mit Ihnen abgesprochen. Somit k\u00f6nnen wir heilsame Symbole und Bilder genau auf Ihre W\u00fcnsche und Bed\u00fcrfnisse abstimmen. Sie behalten w\u00e4hrend der Hypnose die Kontrolle \u00fcber sich und den hypnotherapeutischen Prozess.<\/p>\n<p style=\"font-weight: 400;\"><strong>Schlafe ich in Hypnose?<\/strong><\/p>\n<p style=\"font-weight: 400;\">Der Trance\u2013Zustand ist vergleichbar mit einer sehr tiefen Entspannung, in der Sie unter meiner Anleitung die meisten Au\u00dfenreize ausblenden. Dadurch zentriert sich die Aufmerksamkeit auf besondere innere Prozesse. Nach au\u00dfen hin wirken Sie v\u00f6llig entspannt und wie abwesend, nach innen hin sind Sie aufmerksam und konzentriert auf Ihre inneren Bilder. Sie gehen auf eine tiefe Ebene, auf der zunehmend Ihr Unbewusstes Material zur Bearbeitung bereitstellt.<\/p>\n<p style=\"font-weight: 400;\"><strong>Wei\u00df ich hinterher noch alles, was ich in der Hypnose erlebt habe?<\/strong><\/p>\n<p style=\"font-weight: 400;\">In der Regel arbeite ich nicht mit der Technik der posthypnotischen L\u00f6schung, bei der nach der Trance keine Erinnerung an die Ereignisse in Trance vorhanden ist. Daher werden Sie sich an die Erlebnisse und Ph\u00e4nomene w\u00e4hrend der Trance erinnern.<\/p>\n","protected":false},"excerpt":{"rendered":"<p>H\u00e4ufig gestellte Fragen zur Psychotherapie, Paartherapie und Hypnose: Welche Therapieverfahren wenden Sie an? Tiefenpsychologisch fundierte Psychotherapie, Gestalt-K\u00f6rpertherapie, Paartherapie, systemische Familientherapie, Klientenzentrierte Gespr\u00e4chspsychotherapie, Hypnose-Therapie. Je nach Indikation kommen auch Techniken aus der Verhaltenstherapie und anderen wirkungsvollen Verfahren zur Anwendung. Warum rechnen Sie am Standort Fr\u00f6ndenberg nicht mit gesetzlichen Krankenkassen ab? Nach 30 Jahren psychotherapeutischer T\u00e4tigkeit in Holzwickede und Unna habe ich (Walter Gr\u00fctzner) meine Vertragspraxis in Unna, Bahnhofstra\u00dfe 12, an meine Nachfolgerin Frau Meltem Javuz abgegeben. Damit ist auch die Abrechnungsm\u00f6glichkeit mit der Kassen\u00e4rztlichen Vereinigung und den gesetzlichen Krankenkssen auf die Kollegin \u00fcbergegangen. Woher kommen Ihre fundierten Kenntnisse in der Paar- [&hellip;]<\/p>\n","protected":false},"author":1,"featured_media":0,"parent":0,"menu_order":0,"comment_status":"closed","ping_status":"closed","template":"page-sidebar.php","meta":{"footnotes":""},"class_list":["post-27","page","type-page","status-publish","hentry","wpbf-post"],"_links":{"self":[{"href":"https:\/\/unna-hypnose.de\/index.php?rest_route=\/wp\/v2\/pages\/27","targetHints":{"allow":["GET"]}}],"collection":[{"href":"https:\/\/unna-hypnose.de\/index.php?rest_route=\/wp\/v2\/pages"}],"about":[{"href":"https:\/\/unna-hypnose.de\/index.php?rest_route=\/wp\/v2\/types\/page"}],"author":[{"embeddable":true,"href":"https:\/\/unna-hypnose.de\/index.php?rest_route=\/wp\/v2\/users\/1"}],"replies":[{"embeddable":true,"href":"https:\/\/unna-hypnose.de\/index.php?rest_route=%2Fwp%2Fv2%2Fcomments&post=27"}],"version-history":[{"count":3,"href":"https:\/\/unna-hypnose.de\/index.php?rest_route=\/wp\/v2\/pages\/27\/revisions"}],"predecessor-version":[{"id":208,"href":"https:\/\/unna-hypnose.de\/index.php?rest_route=\/wp\/v2\/pages\/27\/revisions\/208"}],"wp:attachment":[{"href":"https:\/\/unna-hypnose.de\/index.php?rest_route=%2Fwp%2Fv2%2Fmedia&parent=27"}],"curies":[{"name":"wp","href":"https:\/\/api.w.org\/{rel}","templated":true}]}}