{"id":31,"date":"2018-07-06T10:56:29","date_gmt":"2018-07-06T08:56:29","guid":{"rendered":"http:\/\/wp.unna-hypnose.de\/?page_id=31"},"modified":"2018-07-06T10:56:29","modified_gmt":"2018-07-06T08:56:29","slug":"therapie-ausbildungen","status":"publish","type":"page","link":"https:\/\/unna-hypnose.de\/?page_id=31","title":{"rendered":"Therapie \u2013 Ausbildungen"},"content":{"rendered":"<p style=\"font-weight: 400;\"><strong>A<\/strong><strong>usbildung in Hypnose und Hypnose-Therapie bei der DGH, Deutsche Gesellschaft f\u00fcr Hypnose, Coesfeld<\/strong><\/p>\n<p style=\"font-weight: 400;\"><strong>\u00a0<\/strong><strong>T<\/strong><strong>iefenpsychologisch fundierte Psychotherapie, Spezialgebiet: Kinder- und Jugendlichenpsychotherapie am Institut f\u00fcr Psychoanalyse, D\u00fcsseldorf<br \/>\n<\/strong><\/p>\n<p style=\"font-weight: 400;\"><strong>\u00a0<\/strong><strong>Gestalt-K\u00f6rper-Therapie beim Gestalt Institute of Houston, USA<\/strong><\/p>\n<p style=\"font-weight: 400;\">Zahlreiche weitere Fortbildungen in:<\/p>\n<p style=\"font-weight: 400;\">Familientherapie, Paartherapie, Trauerbegleitung, Psychodrama, Gestalttherapie, Klientenzentrierte Gespr\u00e4chspsychotherapie, Mediation, uvm.<\/p>\n<p style=\"font-weight: 400;\">Die regelm\u00e4\u00dfige Teilnahme an Hypnose-Fachkongressen und einer von der kassen\u00e4rztlichen Vereinigung und der DGH akkreditierten Hypnose-Supervisionsgruppe geh\u00f6rt seit vielen Jahren zum festen Bestandteil permanenter, beruflicher Weiterbildung.<\/p>\n<p style=\"font-weight: 400;\">Durch den intensiven Austausch, den ich dauerhaft mit anderen Psychotherapeuten, \u00c4rzten, Zahn\u00e4rzten und Heilpraktikern habe, steht Ihnen ein multi-professioneller Erfahrungshintergrund zur Verf\u00fcgung.<\/p>\n<p style=\"font-weight: 400;\">Qualit\u00e4tsnachweise:<\/p>\n<p style=\"font-weight: 400;\">&#8211;\u00a0\u00a0\u00a0\u00a0\u00a0\u00a0\u00a0\u00a0\u00a0Psychotherapeut nach dem Heilpraktikergesetz (Gesundheitsamt\u00a0\u00a0Unna)<\/p>\n<p style=\"font-weight: 400;\">&#8211;\u00a0\u00a0\u00a0\u00a0\u00a0\u00a0\u00a0\u00a0\u00a0Mitglied im Arztregister der kassen\u00e4rztlichen Vereinigung<\/p>\n<p style=\"font-weight: 400;\">&#8211;\u00a0\u00a0\u00a0\u00a0\u00a0\u00a0\u00a0\u00a0\u00a0Approbation der Bezirksregierung Arnsberg<\/p>\n<p style=\"font-weight: 400;\">Weitere T\u00e4tigkeiten:<\/p>\n<p style=\"font-weight: 400;\">&#8211;\u00a0\u00a0\u00a0\u00a0\u00a0\u00a0\u00a0\u00a0\u00a0Engagement in der Ausbildung f\u00fcr mehrere psychotherapeutische Ausbildungsinstitute<\/p>\n<p style=\"font-weight: 400;\">&#8211;\u00a0\u00a0\u00a0\u00a0\u00a0\u00a0\u00a0\u00a0\u00a0Supervisor f\u00fcr Beratungsstellen, Einrichtungen der Kinder- und Jugendhilfe und Gesundheitsdienste<\/p>\n<p style=\"font-weight: 400;\">&#8211;\u00a0\u00a0\u00a0\u00a0\u00a0\u00a0\u00a0\u00a0\u00a0Dozent (Themen: Psychotherapie und Pers\u00f6nlichkeitsentwicklung)<\/p>\n","protected":false},"excerpt":{"rendered":"<p>Ausbildung in Hypnose und Hypnose-Therapie bei der DGH, Deutsche Gesellschaft f\u00fcr Hypnose, Coesfeld \u00a0Tiefenpsychologisch fundierte Psychotherapie, Spezialgebiet: Kinder- und Jugendlichenpsychotherapie am Institut f\u00fcr Psychoanalyse, D\u00fcsseldorf \u00a0Gestalt-K\u00f6rper-Therapie beim Gestalt Institute of Houston, USA Zahlreiche weitere Fortbildungen in: Familientherapie, Paartherapie, Trauerbegleitung, Psychodrama, Gestalttherapie, Klientenzentrierte Gespr\u00e4chspsychotherapie, Mediation, uvm. Die regelm\u00e4\u00dfige Teilnahme an Hypnose-Fachkongressen und einer von der kassen\u00e4rztlichen Vereinigung und der DGH akkreditierten Hypnose-Supervisionsgruppe geh\u00f6rt seit vielen Jahren zum festen Bestandteil permanenter, beruflicher Weiterbildung. Durch den intensiven Austausch, den ich dauerhaft mit anderen Psychotherapeuten, \u00c4rzten, Zahn\u00e4rzten und Heilpraktikern habe, steht Ihnen ein multi-professioneller Erfahrungshintergrund zur Verf\u00fcgung. Qualit\u00e4tsnachweise: &#8211;\u00a0\u00a0\u00a0\u00a0\u00a0\u00a0\u00a0\u00a0\u00a0Psychotherapeut nach dem Heilpraktikergesetz (Gesundheitsamt\u00a0\u00a0Unna) &#8211;\u00a0\u00a0\u00a0\u00a0\u00a0\u00a0\u00a0\u00a0\u00a0Mitglied [&hellip;]<\/p>\n","protected":false},"author":1,"featured_media":0,"parent":0,"menu_order":0,"comment_status":"closed","ping_status":"closed","template":"page-sidebar.php","meta":{"footnotes":""},"class_list":["post-31","page","type-page","status-publish","hentry","wpbf-post"],"_links":{"self":[{"href":"https:\/\/unna-hypnose.de\/index.php?rest_route=\/wp\/v2\/pages\/31","targetHints":{"allow":["GET"]}}],"collection":[{"href":"https:\/\/unna-hypnose.de\/index.php?rest_route=\/wp\/v2\/pages"}],"about":[{"href":"https:\/\/unna-hypnose.de\/index.php?rest_route=\/wp\/v2\/types\/page"}],"author":[{"embeddable":true,"href":"https:\/\/unna-hypnose.de\/index.php?rest_route=\/wp\/v2\/users\/1"}],"replies":[{"embeddable":true,"href":"https:\/\/unna-hypnose.de\/index.php?rest_route=%2Fwp%2Fv2%2Fcomments&post=31"}],"version-history":[{"count":1,"href":"https:\/\/unna-hypnose.de\/index.php?rest_route=\/wp\/v2\/pages\/31\/revisions"}],"predecessor-version":[{"id":32,"href":"https:\/\/unna-hypnose.de\/index.php?rest_route=\/wp\/v2\/pages\/31\/revisions\/32"}],"wp:attachment":[{"href":"https:\/\/unna-hypnose.de\/index.php?rest_route=%2Fwp%2Fv2%2Fmedia&parent=31"}],"curies":[{"name":"wp","href":"https:\/\/api.w.org\/{rel}","templated":true}]}}