{"id":33,"date":"2018-07-06T10:57:12","date_gmt":"2018-07-06T08:57:12","guid":{"rendered":"http:\/\/wp.unna-hypnose.de\/?page_id=33"},"modified":"2024-03-02T11:58:46","modified_gmt":"2024-03-02T10:58:46","slug":"ernaehrung-und-psyche","status":"publish","type":"page","link":"https:\/\/unna-hypnose.de\/?page_id=33","title":{"rendered":"Ern\u00e4hrung und Psyche"},"content":{"rendered":"<p style=\"font-weight: 400;\">&#8222;MENS SANA IN CORPORE SANO\u201c \u201e\u2026ein gesunder Geist wohnt in einem gesunden K\u00f6rper\u2026\u201c. Dieses knapp 2000 Jahre alte Zitat des r\u00f6mischen Dichters Juvenal zeigt, wie eng verkn\u00fcpft bereits seit Jahrtausenden die k\u00f6rperliche und geistige Gesundheit des Menschen wahrgenommen wird. K\u00f6rper und Psyche sind untrennbar miteinander verbunden. Probleme auf der psychischen Ebene reflektieren auf die Organebene und umgekehrt. Weil K\u00f6rper und Psyche untrennbar miteinander verkn\u00fcpft sind, empfehle ich neben der heilsamen Arbeit an der eigenen Psyche die optimale Versorgung des K\u00f6rpers mit Vitaminen, Mineralstoffen, sekund\u00e4ren Pflanzenstoffen und Mikron\u00e4hrstoffen.<\/p>\n<p style=\"font-weight: 400;\">Sie erleben in meiner Praxis eine ganzheitliche Sichtweise auf Ihre Symptome und Ihren aktuellen Stand im Leben. Daraus erwachsen oftmals erstaunliche Heilungschancen. Neben der Unterst\u00fctzung Ihrer psychischen Stabilit\u00e4t erfahren Sie, wie Sie Ihren K\u00f6rper auf optimale Weise im organischen Heilungsgeschehen unterst\u00fctzen k\u00f6nnen. Dazu geh\u00f6ren aktuelle wissenschaftliche Erkenntnisse zu bestm\u00f6glicher N\u00e4hrstoffversorgung und M\u00f6glichkeiten, die in Ihrem K\u00f6rper vorhandenen Selbstheilungskr\u00e4fte zu unterst\u00fctzen. Um Sie bestm\u00f6glich bis ins hohe Alter zu unterst\u00fctzen, erhalten Sie Support, wie Sie gesundheitliche Risiken verringern und Ihr Leben um qualitativ hochwertige und vitale Jahre verl\u00e4ngern k\u00f6nnen.<\/p>\n","protected":false},"excerpt":{"rendered":"<p>&#8222;MENS SANA IN CORPORE SANO\u201c \u201e\u2026ein gesunder Geist wohnt in einem gesunden K\u00f6rper\u2026\u201c. Dieses knapp 2000 Jahre alte Zitat des r\u00f6mischen Dichters Juvenal zeigt, wie eng verkn\u00fcpft bereits seit Jahrtausenden die k\u00f6rperliche und geistige Gesundheit des Menschen wahrgenommen wird. K\u00f6rper und Psyche sind untrennbar miteinander verbunden. Probleme auf der psychischen Ebene reflektieren auf die Organebene und umgekehrt. Weil K\u00f6rper und Psyche untrennbar miteinander verkn\u00fcpft sind, empfehle ich neben der heilsamen Arbeit an der eigenen Psyche die optimale Versorgung des K\u00f6rpers mit Vitaminen, Mineralstoffen, sekund\u00e4ren Pflanzenstoffen und Mikron\u00e4hrstoffen. Sie erleben in meiner Praxis eine ganzheitliche Sichtweise auf Ihre Symptome und Ihren [&hellip;]<\/p>\n","protected":false},"author":1,"featured_media":0,"parent":0,"menu_order":0,"comment_status":"closed","ping_status":"closed","template":"page-sidebar.php","meta":{"footnotes":""},"class_list":["post-33","page","type-page","status-publish","hentry","wpbf-post"],"_links":{"self":[{"href":"https:\/\/unna-hypnose.de\/index.php?rest_route=\/wp\/v2\/pages\/33","targetHints":{"allow":["GET"]}}],"collection":[{"href":"https:\/\/unna-hypnose.de\/index.php?rest_route=\/wp\/v2\/pages"}],"about":[{"href":"https:\/\/unna-hypnose.de\/index.php?rest_route=\/wp\/v2\/types\/page"}],"author":[{"embeddable":true,"href":"https:\/\/unna-hypnose.de\/index.php?rest_route=\/wp\/v2\/users\/1"}],"replies":[{"embeddable":true,"href":"https:\/\/unna-hypnose.de\/index.php?rest_route=%2Fwp%2Fv2%2Fcomments&post=33"}],"version-history":[{"count":2,"href":"https:\/\/unna-hypnose.de\/index.php?rest_route=\/wp\/v2\/pages\/33\/revisions"}],"predecessor-version":[{"id":186,"href":"https:\/\/unna-hypnose.de\/index.php?rest_route=\/wp\/v2\/pages\/33\/revisions\/186"}],"wp:attachment":[{"href":"https:\/\/unna-hypnose.de\/index.php?rest_route=%2Fwp%2Fv2%2Fmedia&parent=33"}],"curies":[{"name":"wp","href":"https:\/\/api.w.org\/{rel}","templated":true}]}}