{"id":35,"date":"2018-07-06T10:58:25","date_gmt":"2018-07-06T08:58:25","guid":{"rendered":"http:\/\/wp.unna-hypnose.de\/?page_id=35"},"modified":"2025-07-15T12:08:47","modified_gmt":"2025-07-15T10:08:47","slug":"biographie-vita","status":"publish","type":"page","link":"https:\/\/unna-hypnose.de\/?page_id=35","title":{"rendered":"Biographie \/ Vita"},"content":{"rendered":"<p><img loading=\"lazy\" decoding=\"async\" class=\"size-medium wp-image-83 alignright\" src=\"https:\/\/unna-hypnose.de\/wp-content\/uploads\/2019\/10\/DSC00451-300x169.jpg\" alt=\"\" width=\"300\" height=\"169\" srcset=\"https:\/\/unna-hypnose.de\/wp-content\/uploads\/2019\/10\/DSC00451-300x169.jpg 300w, https:\/\/unna-hypnose.de\/wp-content\/uploads\/2019\/10\/DSC00451-768x433.jpg 768w, https:\/\/unna-hypnose.de\/wp-content\/uploads\/2019\/10\/DSC00451-1024x577.jpg 1024w\" sizes=\"auto, (max-width: 300px) 100vw, 300px\" \/>1980-1987<\/p>\n<ul>\n<li>Doppelstudium Lehramt Sekundarstufe 2 und Diplom-P\u00e4dagogik (Schwerpunkt: Theorie und Praxis der Beratung) Staatsexamen (2,0) und Diplom (1,3) gleichzeitig abgeschlossen<\/li>\n<li style=\"font-weight: 400;\">Erste Ausbildung in seelsorgerischer Beratung (Klientenzentriert) bei konfessionellem Tr\u00e4ger<\/li>\n<\/ul>\n<p style=\"font-weight: 400;\">Seit 1984<\/p>\n<ul>\n<li style=\"font-weight: 400;\">haben Hilfesuchende\/Patienten\/Klienten von mir in zigtausend helfenden Kontakten\u00a0\u00a0professionelle Beratung\/Begleitung\/Therapie oder Coaching bzw. Unterst\u00fctzung in der Erreichung ihrer Lebensziele erhalten.<\/li>\n<\/ul>\n<p style=\"font-weight: 400;\">Seit 1985<\/p>\n<ul>\n<li style=\"font-weight: 400;\">Leitung von Selbsterfahrungsgruppen<\/li>\n<li style=\"font-weight: 400;\">T\u00e4tigkeit in einer Einrichtung der regionalen sozialpsychiatrischen Versorgung<\/li>\n<li style=\"font-weight: 400;\">Vorstandsmitglied des Vereins f\u00fcr\u00a0\u00a0psychosoziale Beratungsarbeit e.V. Gelsenkirchen<\/li>\n<li style=\"font-weight: 400;\">Ruf an die Universit\u00e4t Essen<\/li>\n<li style=\"font-weight: 400;\">Mitbegr\u00fcndung der universit\u00e4ren Beratungsstelle:<\/li>\n<li style=\"font-weight: 400;\">\u201ePerspektive Getrennt. Beratung f\u00fcr Eltern und Kinder in Trennung- und Scheidungssituationen.\u201c<\/li>\n<li style=\"font-weight: 400;\">Entwicklung eines innovativen psychotherapeutischen Konzeptes<\/li>\n<li style=\"font-weight: 400;\">Psychotherapie f\u00fcr Eltern und Kinder in Trennungs- und Scheidungssituationen<\/li>\n<li style=\"font-weight: 400;\">Psychotherapie-Forschung<\/li>\n<li style=\"font-weight: 400;\">Lehre (Dozent) im Fachbereich Erziehungswissenschaften, Schwerpunkt: Psychotherapie<\/li>\n<li style=\"font-weight: 400;\">Fachpublikationen in Deutschland und in den USA<\/li>\n<\/ul>\n<p style=\"font-weight: 400;\">Seit 1996<\/p>\n<ul>\n<li style=\"font-weight: 400;\">eigene Praxis f\u00fcr Psychotherapie in Unna<\/li>\n<li style=\"font-weight: 400;\">Dozent f\u00fcr Psychotherapie auf Fachkongressen<\/li>\n<li>Supervisor f\u00fcr Beratungsstellen, psychotherapeutische Ausbildungsinstitute (z.B. KBAP) und Einrichtungen der Kinder- und Jugendhilfe<\/li>\n<li>Ausbildungspraxis f\u00fcr Kinder- und Jugendlichen- Psychotherapeuten<\/li>\n<\/ul>\n<p>Seit 2025<\/p>\n<ul>\n<li>psychotherapeutische Privatpraxis in Fr\u00f6ndenberg Dellwig<\/li>\n<\/ul>\n<p>&nbsp;<\/p>\n","protected":false},"excerpt":{"rendered":"<p>1980-1987 Doppelstudium Lehramt Sekundarstufe 2 und Diplom-P\u00e4dagogik (Schwerpunkt: Theorie und Praxis der Beratung) Staatsexamen (2,0) und Diplom (1,3) gleichzeitig abgeschlossen Erste Ausbildung in seelsorgerischer Beratung (Klientenzentriert) bei konfessionellem Tr\u00e4ger Seit 1984 haben Hilfesuchende\/Patienten\/Klienten von mir in zigtausend helfenden Kontakten\u00a0\u00a0professionelle Beratung\/Begleitung\/Therapie oder Coaching bzw. Unterst\u00fctzung in der Erreichung ihrer Lebensziele erhalten. Seit 1985 Leitung von Selbsterfahrungsgruppen T\u00e4tigkeit in einer Einrichtung der regionalen sozialpsychiatrischen Versorgung Vorstandsmitglied des Vereins f\u00fcr\u00a0\u00a0psychosoziale Beratungsarbeit e.V. Gelsenkirchen Ruf an die Universit\u00e4t Essen Mitbegr\u00fcndung der universit\u00e4ren Beratungsstelle: \u201ePerspektive Getrennt. Beratung f\u00fcr Eltern und Kinder in Trennung- und Scheidungssituationen.\u201c Entwicklung eines innovativen psychotherapeutischen Konzeptes Psychotherapie f\u00fcr Eltern und Kinder [&hellip;]<\/p>\n","protected":false},"author":1,"featured_media":0,"parent":0,"menu_order":0,"comment_status":"closed","ping_status":"closed","template":"page-sidebar.php","meta":{"footnotes":""},"class_list":["post-35","page","type-page","status-publish","hentry","wpbf-post"],"_links":{"self":[{"href":"https:\/\/unna-hypnose.de\/index.php?rest_route=\/wp\/v2\/pages\/35","targetHints":{"allow":["GET"]}}],"collection":[{"href":"https:\/\/unna-hypnose.de\/index.php?rest_route=\/wp\/v2\/pages"}],"about":[{"href":"https:\/\/unna-hypnose.de\/index.php?rest_route=\/wp\/v2\/types\/page"}],"author":[{"embeddable":true,"href":"https:\/\/unna-hypnose.de\/index.php?rest_route=\/wp\/v2\/users\/1"}],"replies":[{"embeddable":true,"href":"https:\/\/unna-hypnose.de\/index.php?rest_route=%2Fwp%2Fv2%2Fcomments&post=35"}],"version-history":[{"count":10,"href":"https:\/\/unna-hypnose.de\/index.php?rest_route=\/wp\/v2\/pages\/35\/revisions"}],"predecessor-version":[{"id":209,"href":"https:\/\/unna-hypnose.de\/index.php?rest_route=\/wp\/v2\/pages\/35\/revisions\/209"}],"wp:attachment":[{"href":"https:\/\/unna-hypnose.de\/index.php?rest_route=%2Fwp%2Fv2%2Fmedia&parent=35"}],"curies":[{"name":"wp","href":"https:\/\/api.w.org\/{rel}","templated":true}]}}