{"id":49,"date":"2018-07-06T11:10:14","date_gmt":"2018-07-06T09:10:14","guid":{"rendered":"http:\/\/wp.unna-hypnose.de\/?page_id=49"},"modified":"2025-07-15T12:21:01","modified_gmt":"2025-07-15T10:21:01","slug":"herzlich-willkommen","status":"publish","type":"page","link":"https:\/\/unna-hypnose.de\/","title":{"rendered":"Herzlich Willkommen"},"content":{"rendered":"\n<figure class=\"wp-block-image alignleft size-large is-resized\"><img loading=\"lazy\" decoding=\"async\" width=\"1024\" height=\"768\" src=\"https:\/\/unna-hypnose.de\/wp-content\/uploads\/2025\/01\/IMG_20240813_103032-1024x768.jpg\" alt=\"\" class=\"wp-image-194\" style=\"width:300px\" srcset=\"https:\/\/unna-hypnose.de\/wp-content\/uploads\/2025\/01\/IMG_20240813_103032-1024x768.jpg 1024w, https:\/\/unna-hypnose.de\/wp-content\/uploads\/2025\/01\/IMG_20240813_103032-300x225.jpg 300w, https:\/\/unna-hypnose.de\/wp-content\/uploads\/2025\/01\/IMG_20240813_103032-768x576.jpg 768w, https:\/\/unna-hypnose.de\/wp-content\/uploads\/2025\/01\/IMG_20240813_103032-1536x1152.jpg 1536w, https:\/\/unna-hypnose.de\/wp-content\/uploads\/2025\/01\/IMG_20240813_103032-2048x1536.jpg 2048w\" sizes=\"auto, (max-width: 1024px) 100vw, 1024px\" \/><\/figure>\n\n\n<p style=\"font-weight: 400;\">Ihr Wohlempfinden, Ihre Heilung und die Entwicklung Ihrer St\u00e4rken steht im Mittelpunkt meiner therapeutischen Arbeit. Tiefenpsychologisch fundierte Psychotherapie, Paar- und Familientherapie, Hypnose und Hypnotherapie sind dabei sehr intensiv wirkende Hilfsmittel.<\/p>\n<p style=\"font-weight: 400;\">Da ich auch Kenntnisse dar\u00fcber gewonnen habe, wie untrennbar K\u00f6rper und Psyche einander sich gegenseitig beeinflussen profitieren Sie von meiner ganzheitigen Sichtweise, um zu mehr Gesundheit zu gelangen.<\/p>\n<p style=\"font-weight: 400;\">Wer die besonders wirkungsvolle Hypnotherapie erleben m\u00f6chte wird erfreut sein zu erfahren, dass die meisten Menschen die Basiskompetenzen zu einer erfolgreichen Hypnose bereits besitzen. Wir nutzen Ihre Erfahrungen mit so genannten \u201eAlltags-Trancen\u201c, um daran ankn\u00fcpfend Hypnose als ein Verfahren kennen zu lernen, in dem Sie weitreichende Ver\u00e4nderungen im Unbewussten selbst\u00e4ndig durchf\u00fchren. Ich werde Ihnen helfen, dieses Verfahren zu verstehen und anzuwenden. In Hypnose gelangen Sie in einen Trance-Zustand. Sie richten dann Ihre Aufmerksamkeit noch intensiver nach innen, als Sie es sonst gewohnt sind. Begleitet von meinen unterst\u00fctzenden Worten reduzieren Sie die Wahrnehmung der Sie umgebenden Umwelt. Sie erh\u00f6hen schlie\u00dflich Ihre F\u00e4higkeit, mit Hilfe positiver innerer Bilder und Erlebnisse eigene L\u00f6sungen f\u00fcr Ihre Lebensprobleme zu finden.<\/p>\n<p style=\"font-weight: 400;\">Die Entwicklung Ihrer pers\u00f6nlichen Kompetenz steht im Vordergrund meiner Arbeit. Erfahrungen des ausgeliefert-seins werden Sie in meiner Hypnose nicht erleben, da ich Ihnen umfangreiche hypnotherapeutische Strategien zur Verf\u00fcgung stelle, die Ihnen in Hypnose maximale Sicherheit, Autonomie und Kontrolle gew\u00e4hren.<\/p>\n<p style=\"font-weight: 400;\">Warum Hypnose?<\/p>\n<p style=\"font-weight: 400;\">Die Ursachen vieler psychischer Belastungen und auch organischer Erkrankungen liegen z.T. lange zur\u00fcck, so dass wir uns oftmals nicht oder nur ungenau an sie erinnern k\u00f6nnen. Im Unbewussten sind solche vergessene, auch verdr\u00e4ngte Ereignisse immer noch vorhanden, auch, wenn wir mit unserem Bewusstsein keinen Zugang mehr erlangen k\u00f6nnen. Es besteht in Hypnose die M\u00f6glichkeit, in einer heilsamen Arbeit im Unbewussten die Auswirkungen solcher fr\u00fchen Belastungen zu ver\u00e4ndern. Nur die Hypnose\/Hypnotherapie arbeitet als exclusives psychotherapeutisches Verfahren direkt mit dem Unbewussten. So k\u00f6nnen auch Behandlungen von \u00c4rzten oder Heilpraktikern begleitend unterst\u00fctzt werden. Selbstheilungskr\u00e4fte k\u00f6nnen in Hypnose\u00a0aktiviert werden und positive Wirkungen des Immunsystems k\u00f6nnen verst\u00e4rkt werden. Sch\u00e4digende Fehlleistungen des Immunsystems bei Auto-Immunerkrankungen k\u00f6nnen reduziert werden. Gerne arbeite ich mit Heilpraktikern, \u00c4rzten und Zahn\u00e4rzten zusammen, um deren hilfreiche Arbeit zu unterst\u00fctzen.<\/p>","protected":false},"excerpt":{"rendered":"<p>Ihr Wohlempfinden, Ihre Heilung und die Entwicklung Ihrer St\u00e4rken steht im Mittelpunkt meiner therapeutischen Arbeit. Tiefenpsychologisch fundierte Psychotherapie, Paar- und Familientherapie, Hypnose und Hypnotherapie sind dabei sehr intensiv wirkende Hilfsmittel. Da ich auch Kenntnisse dar\u00fcber gewonnen habe, wie untrennbar K\u00f6rper und Psyche einander sich gegenseitig beeinflussen profitieren Sie von meiner ganzheitigen Sichtweise, um zu mehr Gesundheit zu gelangen. Wer die besonders wirkungsvolle Hypnotherapie erleben m\u00f6chte wird erfreut sein zu erfahren, dass die meisten Menschen die Basiskompetenzen zu einer erfolgreichen Hypnose bereits besitzen. Wir nutzen Ihre Erfahrungen mit so genannten \u201eAlltags-Trancen\u201c, um daran ankn\u00fcpfend Hypnose als ein Verfahren kennen zu lernen, [&hellip;]<\/p>\n","protected":false},"author":1,"featured_media":57,"parent":0,"menu_order":0,"comment_status":"closed","ping_status":"closed","template":"page-sidebar.php","meta":{"footnotes":""},"class_list":["post-49","page","type-page","status-publish","has-post-thumbnail","hentry","wpbf-post"],"_links":{"self":[{"href":"https:\/\/unna-hypnose.de\/index.php?rest_route=\/wp\/v2\/pages\/49","targetHints":{"allow":["GET"]}}],"collection":[{"href":"https:\/\/unna-hypnose.de\/index.php?rest_route=\/wp\/v2\/pages"}],"about":[{"href":"https:\/\/unna-hypnose.de\/index.php?rest_route=\/wp\/v2\/types\/page"}],"author":[{"embeddable":true,"href":"https:\/\/unna-hypnose.de\/index.php?rest_route=\/wp\/v2\/users\/1"}],"replies":[{"embeddable":true,"href":"https:\/\/unna-hypnose.de\/index.php?rest_route=%2Fwp%2Fv2%2Fcomments&post=49"}],"version-history":[{"count":4,"href":"https:\/\/unna-hypnose.de\/index.php?rest_route=\/wp\/v2\/pages\/49\/revisions"}],"predecessor-version":[{"id":211,"href":"https:\/\/unna-hypnose.de\/index.php?rest_route=\/wp\/v2\/pages\/49\/revisions\/211"}],"wp:featuredmedia":[{"embeddable":true,"href":"https:\/\/unna-hypnose.de\/index.php?rest_route=\/wp\/v2\/media\/57"}],"wp:attachment":[{"href":"https:\/\/unna-hypnose.de\/index.php?rest_route=%2Fwp%2Fv2%2Fmedia&parent=49"}],"curies":[{"name":"wp","href":"https:\/\/api.w.org\/{rel}","templated":true}]}}