{"id":93,"date":"2020-01-30T15:53:29","date_gmt":"2020-01-30T14:53:29","guid":{"rendered":"http:\/\/unna-hypnose.de\/?page_id=93"},"modified":"2025-07-15T12:26:23","modified_gmt":"2025-07-15T10:26:23","slug":"mitarbeiterinnen","status":"publish","type":"page","link":"https:\/\/unna-hypnose.de\/?page_id=93","title":{"rendered":"Mitarbeiterin:"},"content":{"rendered":"\n<figure class=\"wp-block-image aligncenter size-large is-resized\"><img loading=\"lazy\" decoding=\"async\" width=\"1024\" height=\"1024\" src=\"https:\/\/unna-hypnose.de\/wp-content\/uploads\/2025\/01\/IMG_20230823_182822-1024x1024.jpg\" alt=\"\" class=\"wp-image-191\" style=\"width:300px\" srcset=\"https:\/\/unna-hypnose.de\/wp-content\/uploads\/2025\/01\/IMG_20230823_182822-1024x1024.jpg 1024w, https:\/\/unna-hypnose.de\/wp-content\/uploads\/2025\/01\/IMG_20230823_182822-300x300.jpg 300w, https:\/\/unna-hypnose.de\/wp-content\/uploads\/2025\/01\/IMG_20230823_182822-150x150.jpg 150w, https:\/\/unna-hypnose.de\/wp-content\/uploads\/2025\/01\/IMG_20230823_182822-768x768.jpg 768w, https:\/\/unna-hypnose.de\/wp-content\/uploads\/2025\/01\/IMG_20230823_182822-1536x1536.jpg 1536w, https:\/\/unna-hypnose.de\/wp-content\/uploads\/2025\/01\/IMG_20230823_182822-2048x2048.jpg 2048w\" sizes=\"auto, (max-width: 1024px) 100vw, 1024px\" \/><figcaption class=\"wp-element-caption\">B\u00e4rbel Gr\u00fctzner<\/figcaption><\/figure>\n\n\n\n<p class=\"has-text-align-center\">Behandlung von Kindern und Erwachsenen nach dem Heilpraktiker Gesetz<br>T\u00e4tigkeitsschwerpunkte: Entwicklungstrauma, Angstst\u00f6rungen &amp; Hochsensibilit\u00e4t<br>Systemische Familien Sozial Therapeutin (DFS)<\/p>\n","protected":false},"excerpt":{"rendered":"<p>Behandlung von Kindern und Erwachsenen nach dem Heilpraktiker GesetzT\u00e4tigkeitsschwerpunkte: Entwicklungstrauma, Angstst\u00f6rungen &amp; Hochsensibilit\u00e4tSystemische Familien Sozial Therapeutin (DFS)<\/p>\n","protected":false},"author":1,"featured_media":0,"parent":0,"menu_order":0,"comment_status":"closed","ping_status":"closed","template":"page-sidebar.php","meta":{"footnotes":""},"class_list":["post-93","page","type-page","status-publish","hentry","wpbf-post"],"_links":{"self":[{"href":"https:\/\/unna-hypnose.de\/index.php?rest_route=\/wp\/v2\/pages\/93","targetHints":{"allow":["GET"]}}],"collection":[{"href":"https:\/\/unna-hypnose.de\/index.php?rest_route=\/wp\/v2\/pages"}],"about":[{"href":"https:\/\/unna-hypnose.de\/index.php?rest_route=\/wp\/v2\/types\/page"}],"author":[{"embeddable":true,"href":"https:\/\/unna-hypnose.de\/index.php?rest_route=\/wp\/v2\/users\/1"}],"replies":[{"embeddable":true,"href":"https:\/\/unna-hypnose.de\/index.php?rest_route=%2Fwp%2Fv2%2Fcomments&post=93"}],"version-history":[{"count":22,"href":"https:\/\/unna-hypnose.de\/index.php?rest_route=\/wp\/v2\/pages\/93\/revisions"}],"predecessor-version":[{"id":216,"href":"https:\/\/unna-hypnose.de\/index.php?rest_route=\/wp\/v2\/pages\/93\/revisions\/216"}],"wp:attachment":[{"href":"https:\/\/unna-hypnose.de\/index.php?rest_route=%2Fwp%2Fv2%2Fmedia&parent=93"}],"curies":[{"name":"wp","href":"https:\/\/api.w.org\/{rel}","templated":true}]}}